{"id":33,"date":"2023-04-21T11:42:48","date_gmt":"2023-04-21T11:42:48","guid":{"rendered":"https:\/\/vienig.de\/?page_id=33"},"modified":"2026-04-19T19:56:31","modified_gmt":"2026-04-19T19:56:31","slug":"willkommen","status":"publish","type":"page","link":"https:\/\/vienig.de\/","title":{"rendered":"Willkommen"},"content":{"rendered":"\t\t<div data-elementor-type=\"wp-page\" data-elementor-id=\"33\" class=\"elementor elementor-33\">\n\t\t\t\t<div class=\"elementor-element elementor-element-7143755 e-flex e-con-boxed e-con e-parent\" data-id=\"7143755\" data-element_type=\"container\" data-e-type=\"container\">\n\t\t\t\t\t<div class=\"e-con-inner\">\n\t\t\t\t<div class=\"elementor-element elementor-element-3f82523 elementor-widget-divider--view-line_text elementor-widget-divider--element-align-center elementor-widget elementor-widget-divider\" data-id=\"3f82523\" data-element_type=\"widget\" data-e-type=\"widget\" data-widget_type=\"divider.default\">\n\t\t\t\t<div class=\"elementor-widget-container\">\n\t\t\t\t\t\t\t<div class=\"elementor-divider\">\n\t\t\t<span class=\"elementor-divider-separator\">\n\t\t\t\t\t\t\t<span class=\"elementor-divider__text elementor-divider__element\">\n\t\t\t\tHerzlich Willkommen\t\t\t\t<\/span>\n\t\t\t\t\t\t<\/span>\n\t\t<\/div>\n\t\t\t\t\t\t<\/div>\n\t\t\t\t<\/div>\n\t\t\t\t<div class=\"elementor-element elementor-element-d04f49e elementor-invisible elementor-widget elementor-widget-text-editor\" data-id=\"d04f49e\" data-element_type=\"widget\" data-e-type=\"widget\" data-settings=\"{&quot;_animation&quot;:&quot;fadeInUp&quot;}\" data-widget_type=\"text-editor.default\">\n\t\t\t\t<div class=\"elementor-widget-container\">\n\t\t\t\t\t\t\t\t\t<p>Entdecken Sie Ihre pers\u00f6nlichen Auszeiten an zwei der sch\u00f6nsten Lagen Deutschlands \u2013 direkt an der Ostsee in Grevesm\u00fchlen bei Boltenhagen oder inmitten der sanften H\u00fcgel des Vorharzes in Bad Salzdetfurth bei Hildesheim. Unsere H\u00e4user befinden sich in zentralen und zugleich reizvollen Lagen, eingebettet in wundersch\u00f6ne Landschaften, die zum Wohlf\u00fchlen einladen.<\/p><p>Ob f\u00fcr einen l\u00e4ngeren Aufenthalt oder als komfortables zweites Zuhause auf Zeit \u2013 wir bieten Gesch\u00e4ftsreisenden, Ingenieuren, \u00c4rzten und Handwerkern gleicherma\u00dfen eine hochwertige Unterkunft, die keine W\u00fcnsche offenl\u00e4sst.<\/p>\t\t\t\t\t\t\t\t<\/div>\n\t\t\t\t<\/div>\n\t\t\t\t\t<\/div>\n\t\t\t\t<\/div>\n\t\t\t\t<div class=\"elementor-element elementor-element-9163c6c e-con e-atomic-element e-flexbox-base\" data-id=\"9163c6c\" data-element_type=\"e-flexbox\" data-e-type=\"e-flexbox\" data-interaction-id=\"9163c6c\">\n\t\t\t\t\t\n<hr class=\"e-divider-base\" data-interaction-id=\"543e4f4\"   \/>\n\t\t\t\t<\/div>\n\t\t<div class=\"elementor-element elementor-element-feec3bb e-grid e-con-boxed e-con e-parent\" data-id=\"feec3bb\" data-element_type=\"container\" data-e-type=\"container\">\n\t\t\t\t\t<div class=\"e-con-inner\">\n\t\t\t\t<div class=\"elementor-element elementor-element-378c034 e-transform e-transform elementor-invisible elementor-widget elementor-widget-wpzoom-elementor-addons-image-box\" data-id=\"378c034\" data-element_type=\"widget\" data-e-type=\"widget\" data-settings=\"{&quot;_animation&quot;:&quot;fadeInUp&quot;,&quot;_transform_rotateZ_effect_hover&quot;:{&quot;unit&quot;:&quot;px&quot;,&quot;size&quot;:&quot;&quot;,&quot;sizes&quot;:[]},&quot;_transform_rotateZ_effect_hover_tablet&quot;:{&quot;unit&quot;:&quot;deg&quot;,&quot;size&quot;:&quot;&quot;,&quot;sizes&quot;:[]},&quot;_transform_rotateZ_effect_hover_mobile&quot;:{&quot;unit&quot;:&quot;deg&quot;,&quot;size&quot;:&quot;&quot;,&quot;sizes&quot;:[]},&quot;_transform_scaleX_effect_hover&quot;:{&quot;unit&quot;:&quot;px&quot;,&quot;size&quot;:&quot;&quot;,&quot;sizes&quot;:[]},&quot;_transform_scaleX_effect_hover_tablet&quot;:{&quot;unit&quot;:&quot;px&quot;,&quot;size&quot;:&quot;&quot;,&quot;sizes&quot;:[]},&quot;_transform_scaleX_effect_hover_mobile&quot;:{&quot;unit&quot;:&quot;px&quot;,&quot;size&quot;:&quot;&quot;,&quot;sizes&quot;:[]},&quot;_transform_scaleY_effect_hover&quot;:{&quot;unit&quot;:&quot;px&quot;,&quot;size&quot;:&quot;&quot;,&quot;sizes&quot;:[]},&quot;_transform_scaleY_effect_hover_tablet&quot;:{&quot;unit&quot;:&quot;px&quot;,&quot;size&quot;:&quot;&quot;,&quot;sizes&quot;:[]},&quot;_transform_scaleY_effect_hover_mobile&quot;:{&quot;unit&quot;:&quot;px&quot;,&quot;size&quot;:&quot;&quot;,&quot;sizes&quot;:[]}}\" data-widget_type=\"wpzoom-elementor-addons-image-box.default\">\n\t\t\t\t<div class=\"elementor-widget-container\">\n\t\t\t\t\t\t\t<div class=\"wpzoom-elementor-addons-image-box\">\n\t\t\t<h3>\n\t\t\t\t<a href=\"https:\/\/bad-salzdetfurth.vienig.de\" class=\"wpzoom-elementor-addons-image-box-link is-linked has-image\" style=\"background-image:url('https:\/\/vienig.de\/wp-content\/uploads\/2026\/04\/top8.jpeg');\"><span>Auf der Vienig<\/span><\/a>\t\t\t<\/h3>\n\t\t<\/div><!-- \/\/.wpzoom-elementor-addons-image-box -->\n\t\t\t\t\t\t<\/div>\n\t\t\t\t<\/div>\n\t\t\t\t<div class=\"elementor-element elementor-element-150fb3a elementor-invisible elementor-widget elementor-widget-wpzoom-elementor-addons-image-box\" data-id=\"150fb3a\" data-element_type=\"widget\" data-e-type=\"widget\" data-settings=\"{&quot;_animation&quot;:&quot;fadeInUp&quot;}\" data-widget_type=\"wpzoom-elementor-addons-image-box.default\">\n\t\t\t\t<div class=\"elementor-widget-container\">\n\t\t\t\t\t\t\t<div class=\"wpzoom-elementor-addons-image-box\">\n\t\t\t<h3>\n\t\t\t\t<a href=\"https:\/\/grevesmuehlen.vienig.de\" class=\"wpzoom-elementor-addons-image-box-link is-linked has-image\" style=\"background-image:url('https:\/\/vienig.de\/wp-content\/uploads\/2026\/04\/Gross-outside_1009.jpeg');\"><span>Villa Vienig<\/span><\/a>\t\t\t<\/h3>\n\t\t<\/div><!-- \/\/.wpzoom-elementor-addons-image-box -->\n\t\t\t\t\t\t<\/div>\n\t\t\t\t<\/div>\n\t\t\t\t<div class=\"elementor-element elementor-element-baade81 elementor-invisible elementor-widget elementor-widget-wpzoom-elementor-addons-image-box\" data-id=\"baade81\" data-element_type=\"widget\" data-e-type=\"widget\" data-settings=\"{&quot;_animation&quot;:&quot;fadeInUp&quot;}\" data-widget_type=\"wpzoom-elementor-addons-image-box.default\">\n\t\t\t\t<div class=\"elementor-widget-container\">\n\t\t\t\t\t\t\t<div class=\"wpzoom-elementor-addons-image-box\">\n\t\t\t<h3>\n\t\t\t\t<a href=\"https:\/\/baeckerei.vienig.de\" class=\"wpzoom-elementor-addons-image-box-link is-linked has-image\" style=\"background-image:url('https:\/\/vienig.de\/wp-content\/uploads\/2026\/04\/Gross-IMG_6699.jpeg');\"><span>Alte B\u00e4ckerei<\/span><\/a>\t\t\t<\/h3>\n\t\t<\/div><!-- \/\/.wpzoom-elementor-addons-image-box -->\n\t\t\t\t\t\t<\/div>\n\t\t\t\t<\/div>\n\t\t\t\t\t<\/div>\n\t\t\t\t<\/div>\n\t\t\t\t<\/div>\n\t\t","protected":false},"excerpt":{"rendered":"<p>Wir bieten exklusive Appartements an der Ostsee in Grevesm\u00fchlen oder im Vorharz in Bad Salzdetfurth an.<\/p>\n","protected":false},"author":1,"featured_media":0,"parent":0,"menu_order":0,"comment_status":"closed","ping_status":"closed","template":"page-templates\/full-width-builder.php","meta":{"inspiro_page_layout":"narrow","inspiro_hide_title":false,"footnotes":""},"class_list":["post-33","page","type-page","status-publish","hentry"],"yoast_head":"<!-- This site is optimized with the Yoast SEO plugin v27.4 - https:\/\/yoast.com\/product\/yoast-seo-wordpress\/ -->\n<title>Willkommen - Vienig Appartements | Zuhause zwischen Ostsee und Harz | Unterkunft in Grevesm\u00fchlen und Bad Salzdetfurth<\/title>\n<meta name=\"description\" content=\"Wir bieten exklusive Appartements an der Ostsee in Grevesm\u00fchlen oder im Vorharz in Bad Salzdetfurth an.\" \/>\n<meta name=\"robots\" content=\"index, follow, max-snippet:-1, max-image-preview:large, max-video-preview:-1\" \/>\n<link rel=\"canonical\" href=\"https:\/\/vienig.de\/\" \/>\n<meta property=\"og:locale\" content=\"de_DE\" \/>\n<meta property=\"og:type\" content=\"article\" \/>\n<meta property=\"og:title\" content=\"Willkommen - Vienig Appartements | Zuhause zwischen Ostsee und Harz | Unterkunft in Grevesm\u00fchlen und Bad Salzdetfurth\" \/>\n<meta property=\"og:description\" content=\"Wir bieten exklusive Appartements an der Ostsee in Grevesm\u00fchlen oder im Vorharz in Bad Salzdetfurth an.\" \/>\n<meta property=\"og:url\" content=\"https:\/\/vienig.de\/\" \/>\n<meta property=\"og:site_name\" content=\"Vienig Appartements | Zuhause zwischen Ostsee und Harz | Unterkunft in Grevesm\u00fchlen und Bad Salzdetfurth\" \/>\n<meta property=\"article:modified_time\" content=\"2026-04-19T19:56:31+00:00\" \/>\n<meta name=\"twitter:card\" content=\"summary_large_image\" \/>\n<meta name=\"twitter:label1\" content=\"Gesch\u00e4tzte Lesezeit\" \/>\n\t<meta name=\"twitter:data1\" content=\"1\u00a0Minute\" \/>\n<script type=\"application\/ld+json\" class=\"yoast-schema-graph\">{\"@context\":\"https:\\\/\\\/schema.org\",\"@graph\":[{\"@type\":\"WebPage\",\"@id\":\"https:\\\/\\\/vienig.de\\\/\",\"url\":\"https:\\\/\\\/vienig.de\\\/\",\"name\":\"Willkommen - Vienig Appartements | Zuhause zwischen Ostsee und Harz | Unterkunft in Grevesm\u00fchlen und Bad Salzdetfurth\",\"isPartOf\":{\"@id\":\"https:\\\/\\\/vienig.de\\\/#website\"},\"datePublished\":\"2023-04-21T11:42:48+00:00\",\"dateModified\":\"2026-04-19T19:56:31+00:00\",\"description\":\"Wir bieten exklusive Appartements an der Ostsee in Grevesm\u00fchlen oder im Vorharz in Bad Salzdetfurth an.\",\"breadcrumb\":{\"@id\":\"https:\\\/\\\/vienig.de\\\/#breadcrumb\"},\"inLanguage\":\"de\",\"potentialAction\":[{\"@type\":\"ReadAction\",\"target\":[\"https:\\\/\\\/vienig.de\\\/\"]}]},{\"@type\":\"BreadcrumbList\",\"@id\":\"https:\\\/\\\/vienig.de\\\/#breadcrumb\",\"itemListElement\":[{\"@type\":\"ListItem\",\"position\":1,\"name\":\"Startseite\",\"item\":\"https:\\\/\\\/vienig.de\\\/\"},{\"@type\":\"ListItem\",\"position\":2,\"name\":\"Willkommen\"}]},{\"@type\":\"WebSite\",\"@id\":\"https:\\\/\\\/vienig.de\\\/#website\",\"url\":\"https:\\\/\\\/vienig.de\\\/\",\"name\":\"Vienig Appartements | Zuhause zwischen Ostsee und Harz | Unterkunft in Grevesm\u00fchlen und Bad Salzdetfurth\",\"description\":\"Exklusive und zentrale Appartements, Unterk\u00fcnfte und Ferienwohnungen in Grevesm\u00fchlen und Bad Salzdetfurth. Ideal f\u00fcr den l\u00e4ngeren Aufenthalt ausgelegt bietet wir insbesondere Urlaubern, Gesch\u00e4ftsleuten, Ingenieuren und Monteuren die beste Unterkunft.\",\"publisher\":{\"@id\":\"https:\\\/\\\/vienig.de\\\/#organization\"},\"potentialAction\":[{\"@type\":\"SearchAction\",\"target\":{\"@type\":\"EntryPoint\",\"urlTemplate\":\"https:\\\/\\\/vienig.de\\\/?s={search_term_string}\"},\"query-input\":{\"@type\":\"PropertyValueSpecification\",\"valueRequired\":true,\"valueName\":\"search_term_string\"}}],\"inLanguage\":\"de\"},{\"@type\":\"Organization\",\"@id\":\"https:\\\/\\\/vienig.de\\\/#organization\",\"name\":\"Vienig Appartements | Zuhause zwischen Ostsee und Harz | Unterkunft in Grevesm\u00fchlen und Bad Salzdetfurth\",\"url\":\"https:\\\/\\\/vienig.de\\\/\",\"logo\":{\"@type\":\"ImageObject\",\"inLanguage\":\"de\",\"@id\":\"https:\\\/\\\/vienig.de\\\/#\\\/schema\\\/logo\\\/image\\\/\",\"url\":\"https:\\\/\\\/vienig.de\\\/wp-content\\\/uploads\\\/2026\\\/04\\\/cropped-icon.png\",\"contentUrl\":\"https:\\\/\\\/vienig.de\\\/wp-content\\\/uploads\\\/2026\\\/04\\\/cropped-icon.png\",\"width\":906,\"height\":915,\"caption\":\"Vienig Appartements | Zuhause zwischen Ostsee und Harz | Unterkunft in Grevesm\u00fchlen und Bad Salzdetfurth\"},\"image\":{\"@id\":\"https:\\\/\\\/vienig.de\\\/#\\\/schema\\\/logo\\\/image\\\/\"}}]}<\/script>\n<!-- \/ Yoast SEO plugin. -->","yoast_head_json":{"title":"Willkommen - Vienig Appartements | Zuhause zwischen Ostsee und Harz | Unterkunft in Grevesm\u00fchlen und Bad Salzdetfurth","description":"Wir bieten exklusive Appartements an der Ostsee in Grevesm\u00fchlen oder im Vorharz in Bad Salzdetfurth an.","robots":{"index":"index","follow":"follow","max-snippet":"max-snippet:-1","max-image-preview":"max-image-preview:large","max-video-preview":"max-video-preview:-1"},"canonical":"https:\/\/vienig.de\/","og_locale":"de_DE","og_type":"article","og_title":"Willkommen - Vienig Appartements | Zuhause zwischen Ostsee und Harz | Unterkunft in Grevesm\u00fchlen und Bad Salzdetfurth","og_description":"Wir bieten exklusive Appartements an der Ostsee in Grevesm\u00fchlen oder im Vorharz in Bad Salzdetfurth an.","og_url":"https:\/\/vienig.de\/","og_site_name":"Vienig Appartements | Zuhause zwischen Ostsee und Harz | Unterkunft in Grevesm\u00fchlen und Bad Salzdetfurth","article_modified_time":"2026-04-19T19:56:31+00:00","twitter_card":"summary_large_image","twitter_misc":{"Gesch\u00e4tzte Lesezeit":"1\u00a0Minute"},"schema":{"@context":"https:\/\/schema.org","@graph":[{"@type":"WebPage","@id":"https:\/\/vienig.de\/","url":"https:\/\/vienig.de\/","name":"Willkommen - Vienig Appartements | Zuhause zwischen Ostsee und Harz | Unterkunft in Grevesm\u00fchlen und Bad Salzdetfurth","isPartOf":{"@id":"https:\/\/vienig.de\/#website"},"datePublished":"2023-04-21T11:42:48+00:00","dateModified":"2026-04-19T19:56:31+00:00","description":"Wir bieten exklusive Appartements an der Ostsee in Grevesm\u00fchlen oder im Vorharz in Bad Salzdetfurth an.","breadcrumb":{"@id":"https:\/\/vienig.de\/#breadcrumb"},"inLanguage":"de","potentialAction":[{"@type":"ReadAction","target":["https:\/\/vienig.de\/"]}]},{"@type":"BreadcrumbList","@id":"https:\/\/vienig.de\/#breadcrumb","itemListElement":[{"@type":"ListItem","position":1,"name":"Startseite","item":"https:\/\/vienig.de\/"},{"@type":"ListItem","position":2,"name":"Willkommen"}]},{"@type":"WebSite","@id":"https:\/\/vienig.de\/#website","url":"https:\/\/vienig.de\/","name":"Vienig Appartements | Zuhause zwischen Ostsee und Harz | Unterkunft in Grevesm\u00fchlen und Bad Salzdetfurth","description":"Exklusive und zentrale Appartements, Unterk\u00fcnfte und Ferienwohnungen in Grevesm\u00fchlen und Bad Salzdetfurth. Ideal f\u00fcr den l\u00e4ngeren Aufenthalt ausgelegt bietet wir insbesondere Urlaubern, Gesch\u00e4ftsleuten, Ingenieuren und Monteuren die beste Unterkunft.","publisher":{"@id":"https:\/\/vienig.de\/#organization"},"potentialAction":[{"@type":"SearchAction","target":{"@type":"EntryPoint","urlTemplate":"https:\/\/vienig.de\/?s={search_term_string}"},"query-input":{"@type":"PropertyValueSpecification","valueRequired":true,"valueName":"search_term_string"}}],"inLanguage":"de"},{"@type":"Organization","@id":"https:\/\/vienig.de\/#organization","name":"Vienig Appartements | Zuhause zwischen Ostsee und Harz | Unterkunft in Grevesm\u00fchlen und Bad Salzdetfurth","url":"https:\/\/vienig.de\/","logo":{"@type":"ImageObject","inLanguage":"de","@id":"https:\/\/vienig.de\/#\/schema\/logo\/image\/","url":"https:\/\/vienig.de\/wp-content\/uploads\/2026\/04\/cropped-icon.png","contentUrl":"https:\/\/vienig.de\/wp-content\/uploads\/2026\/04\/cropped-icon.png","width":906,"height":915,"caption":"Vienig Appartements | Zuhause zwischen Ostsee und Harz | Unterkunft in Grevesm\u00fchlen und Bad Salzdetfurth"},"image":{"@id":"https:\/\/vienig.de\/#\/schema\/logo\/image\/"}}]}},"_links":{"self":[{"href":"https:\/\/vienig.de\/index.php\/wp-json\/wp\/v2\/pages\/33","targetHints":{"allow":["GET"]}}],"collection":[{"href":"https:\/\/vienig.de\/index.php\/wp-json\/wp\/v2\/pages"}],"about":[{"href":"https:\/\/vienig.de\/index.php\/wp-json\/wp\/v2\/types\/page"}],"author":[{"embeddable":true,"href":"https:\/\/vienig.de\/index.php\/wp-json\/wp\/v2\/users\/1"}],"replies":[{"embeddable":true,"href":"https:\/\/vienig.de\/index.php\/wp-json\/wp\/v2\/comments?post=33"}],"version-history":[{"count":45,"href":"https:\/\/vienig.de\/index.php\/wp-json\/wp\/v2\/pages\/33\/revisions"}],"predecessor-version":[{"id":134,"href":"https:\/\/vienig.de\/index.php\/wp-json\/wp\/v2\/pages\/33\/revisions\/134"}],"wp:attachment":[{"href":"https:\/\/vienig.de\/index.php\/wp-json\/wp\/v2\/media?parent=33"}],"curies":[{"name":"wp","href":"https:\/\/api.w.org\/{rel}","templated":true}]}}